{"id":3459,"date":"2018-03-10T13:21:53","date_gmt":"2018-03-10T11:21:53","guid":{"rendered":"http:\/\/lacaneatravel.gr\/?post_type=product&#038;p=3459"},"modified":"2018-05-30T11:04:10","modified_gmt":"2018-05-30T08:04:10","slug":"samaria-gorge","status":"publish","type":"product","link":"https:\/\/lacaneatravel.gr\/en\/tour\/samaria-gorge\/","title":{"rendered":"Samaria Gorge"},"content":{"rendered":"<p>The Samaria Gorge is one of the largest canyons in Europe stretching over 16 km from Xyloskalo Omalos, the path goes down through village and cliffs and through dense forests with rare flora and fauna and ends in the village of Agia Roumeli south of Crete Libyan Sea where every year approximately 300,000 visitors cross it during the period from early May to the end of October.<\/p>\n","protected":false},"excerpt":{"rendered":"<p>Samaria gorge is located in southwest Crete in the regional unit of Chania. It was created by a small river running between the White Mountains (Lefk\u00e1 \u00d3ri) and Mt. Volakias. The village of Samari\u00e1 lies just inside the gorge, it was finally abandoned by the last remaining inhabitants in 1962 to make way for the park. The village and the gorge take their names from the village&#8217;s ancient church, \u00d3ssia Mar\u00eda. A must for visitors to Crete is to complete the walk down the gorge from the Omalos plateau to the coastal village of Agia Roumeli with view to the Libyan Sea.<a class=\"modal-menu-item menu-item excursion-btn\" href=\"http:\/\/lacaneatravel.gr\/book\/\" rel=\"noopener\">Book Tour<\/a><\/p>\n","protected":false},"featured_media":3463,"template":"","meta":{"_mi_skip_tracking":false,"_monsterinsights_sitenote_active":false,"_monsterinsights_sitenote_note":"","_monsterinsights_sitenote_category":0},"_links":{"self":[{"href":"https:\/\/lacaneatravel.gr\/en\/wp-json\/wp\/v2\/product\/3459\/"}],"collection":[{"href":"https:\/\/lacaneatravel.gr\/en\/wp-json\/wp\/v2\/product\/"}],"about":[{"href":"https:\/\/lacaneatravel.gr\/en\/wp-json\/wp\/v2\/types\/product\/"}],"wp:featuredmedia":[{"embeddable":true,"href":"https:\/\/lacaneatravel.gr\/en\/wp-json\/wp\/v2\/media\/3463\/"}],"wp:attachment":[{"href":"https:\/\/lacaneatravel.gr\/en\/wp-json\/wp\/v2\/media\/?parent=3459"}],"curies":[{"name":"wp","href":"https:\/\/api.w.org\/{rel}","templated":true}]}}